{"id":41,"date":"2020-09-23T13:46:18","date_gmt":"2020-09-23T11:46:18","guid":{"rendered":"http:\/\/blueknights.at.cloud9-vm104.server-routing.com\/portal\/?page_id=41"},"modified":"2020-11-22T10:46:23","modified_gmt":"2020-11-22T09:46:23","slug":"charity","status":"publish","type":"page","link":"http:\/\/www.blueknights.at\/portal\/charity\/","title":{"rendered":"Charity"},"content":{"rendered":"<p>Presse<\/p>\n<p>Ein wesentlicher Bestandteil unserer Aktivit\u00e4ten sind Charities. Deswegen m\u00f6chten wiran dieser Stelle einen \u00dcberblick geben, wohin uns unsere Ausfahrten schon gef\u00fchrt haben.<\/p>\n<p>(&#8230;folgt noch, Seite im Umbau)<\/p>\n<p>&#8212; Artikel einf\u00fcgen &#8212;<\/p>\n","protected":false},"excerpt":{"rendered":"<p>Presse Ein wesentlicher Bestandteil unserer Aktivit\u00e4ten sind Charities. Deswegen m\u00f6chten wiran dieser Stelle einen \u00dcberblick geben, wohin uns unsere Ausfahrten schon gef\u00fchrt haben. (&#8230;folgt noch, Seite im Umbau) &#8212; Artikel einf\u00fcgen &#8212;<\/p>\n","protected":false},"author":1,"featured_media":0,"parent":0,"menu_order":0,"comment_status":"closed","ping_status":"closed","template":"","meta":[],"_links":{"self":[{"href":"http:\/\/www.blueknights.at\/portal\/wp-json\/wp\/v2\/pages\/41"}],"collection":[{"href":"http:\/\/www.blueknights.at\/portal\/wp-json\/wp\/v2\/pages"}],"about":[{"href":"http:\/\/www.blueknights.at\/portal\/wp-json\/wp\/v2\/types\/page"}],"author":[{"embeddable":true,"href":"http:\/\/www.blueknights.at\/portal\/wp-json\/wp\/v2\/users\/1"}],"replies":[{"embeddable":true,"href":"http:\/\/www.blueknights.at\/portal\/wp-json\/wp\/v2\/comments?post=41"}],"version-history":[{"count":2,"href":"http:\/\/www.blueknights.at\/portal\/wp-json\/wp\/v2\/pages\/41\/revisions"}],"predecessor-version":[{"id":77,"href":"http:\/\/www.blueknights.at\/portal\/wp-json\/wp\/v2\/pages\/41\/revisions\/77"}],"wp:attachment":[{"href":"http:\/\/www.blueknights.at\/portal\/wp-json\/wp\/v2\/media?parent=41"}],"curies":[{"name":"wp","href":"https:\/\/api.w.org\/{rel}","templated":true}]}}