{"id":15,"date":"2020-09-23T13:31:33","date_gmt":"2020-09-23T11:31:33","guid":{"rendered":"http:\/\/blueknights.at.cloud9-vm104.server-routing.com\/portal\/?page_id=15"},"modified":"2020-11-22T10:36:55","modified_gmt":"2020-11-22T09:36:55","slug":"uber-uns","status":"publish","type":"page","link":"http:\/\/www.blueknights.at\/portal\/uber-uns\/","title":{"rendered":"\u00dcber uns"},"content":{"rendered":"<h1 align=\"center\">Wir m\u00f6chten unseren Verein kurz vorstellen &amp; euch einen Einblick in unsere T\u00e4tigkeiten geben.<\/h1>\n<p>Nachdem bereits 1974 der Grundstein in den USA gelegt wurde, wurde 1987 das erste Mal Kontakt zu europ\u00e4ischen Polizeibeamten hergestellt. Das erste europ. Chapter war &#8222;France 1&#8220;. 1989 waren 2 Blue Knights vom Chapter New York I \u00a0auf einem Motorradtreffen in Belgien zu Gast. Durch die bereitgestellten Infos wurden dann in weiterer Folge &#8222;Germany 1&#8220; und &#8222;BeNeLux 1&#8220; gegr\u00fcndet und ihnen folgten noch viele weitere Chapter &#8211; so auch das Chapter AUSTRIA ONE im Februar 1997.<\/p>\n<h3>Was wir tun<\/h3>\n<p>In der Hauptsache haben sich die Blue Knights folgende Ziele gesetzt:<br \/>\n1. Das Verst\u00e4ndnis f\u00fcr Motorradfahrer in der \u00d6ffentlichkeit zu f\u00f6rdern. Untereinander Spa\u00df und Unterhaltung zu haben und gegenseitig Hilfestellung zu leisten.<br \/>\n2. Den Sport und die Sicherheit des Motorradfahrens zu f\u00f6rdern.<br \/>\n3. Die Interessen von Motorradfahrern und \u2013haltern zu vertreten<br \/>\n4. Durch positive Beispiele, das Ansehen von Motorradfahrern zu verbessern und Hilfestellungen im Umgang mit dem Motorrad geben.<br \/>\n5. Das Verh\u00e4ltnis zwischen B\u00fcrger und Polizei zu f\u00f6rdern.<br \/>\nViele Blue Knights\u00ae haben sehr lange f\u00fcr das Geld gearbeitet, dass sie anschlie\u00dfend f\u00fcr viele gemeinn\u00fctzige Zwecke spenden. Besonders viele Spenden gehen an hilfsbed\u00fcrftige Kinder. Hier wurde bereits ein Fonds eingerichtet, die D.A.R.E. ist nur ein Beispiel hierf\u00fcr.<\/p>\n<p>Die einzelnen Chapter der Blue Knights\u00ae veranstalten regelm\u00e4\u00dfig Treffen, wo viele Mitglieder die M\u00f6glichkeit haben, auch andere Blue Knights\u00ae einmal kennenzulernen. Wenn ein Blue Knight\u00ae einmal mit dem Motorrad unterwegs ist, kann er sich darauf verlassen, bei andern Mitgliedern immer mit offenen Armen empfangen zu werden. Die Blue Knights\u00ae sind wie eine gro\u00dfe Familie. &#8222;Es gibt keine Fremden \u2013 man trifft nur Freunde, die man zuvor nicht kannte !<\/p>\n<h3>Was wir nicht tun&#8230;<\/h3>\n<p>Um gleich mit allen mir bekannten Ger\u00fcchten in der Szene reinen Tisch zu machen &#8211; wir sind nicht da um irgendwo in der Motorradszene unseren Beruf raush\u00e4ngen zu lassen ! Viele unserer Members waren auch schon vor Ihrer Berufswahl mit dem Bike unterwegs bzw. waren in der Bikerszene und in etlichen Motorradclubs aktiv t\u00e4tig. Wenn man uns also normal behandelt, werden auch wir uns normal verhalten. Viele Biker und Clubs haben das mittlerweile bereits erkannt. Als Blue Knights sind wir Biker, die auch nur so verstanden werden wollen&#8230;.<\/p>\n","protected":false},"excerpt":{"rendered":"<p>Wir m\u00f6chten unseren Verein kurz vorstellen &amp; euch einen Einblick in unsere T\u00e4tigkeiten geben. Nachdem bereits 1974 der Grundstein in den USA gelegt wurde, wurde 1987 das erste Mal Kontakt zu europ\u00e4ischen Polizeibeamten hergestellt. Das erste europ. Chapter war &#8222;France 1&#8220;. 1989 waren 2 Blue Knights vom Chapter New York I \u00a0auf einem Motorradtreffen in [&hellip;]<\/p>\n","protected":false},"author":1,"featured_media":0,"parent":0,"menu_order":0,"comment_status":"closed","ping_status":"closed","template":"","meta":[],"_links":{"self":[{"href":"http:\/\/www.blueknights.at\/portal\/wp-json\/wp\/v2\/pages\/15"}],"collection":[{"href":"http:\/\/www.blueknights.at\/portal\/wp-json\/wp\/v2\/pages"}],"about":[{"href":"http:\/\/www.blueknights.at\/portal\/wp-json\/wp\/v2\/types\/page"}],"author":[{"embeddable":true,"href":"http:\/\/www.blueknights.at\/portal\/wp-json\/wp\/v2\/users\/1"}],"replies":[{"embeddable":true,"href":"http:\/\/www.blueknights.at\/portal\/wp-json\/wp\/v2\/comments?post=15"}],"version-history":[{"count":2,"href":"http:\/\/www.blueknights.at\/portal\/wp-json\/wp\/v2\/pages\/15\/revisions"}],"predecessor-version":[{"id":70,"href":"http:\/\/www.blueknights.at\/portal\/wp-json\/wp\/v2\/pages\/15\/revisions\/70"}],"wp:attachment":[{"href":"http:\/\/www.blueknights.at\/portal\/wp-json\/wp\/v2\/media?parent=15"}],"curies":[{"name":"wp","href":"https:\/\/api.w.org\/{rel}","templated":true}]}}