{"id":31,"date":"2020-09-23T14:17:55","date_gmt":"2020-09-23T12:17:55","guid":{"rendered":"http:\/\/blueknights.at.cloud9-vm104.server-routing.com\/austria6\/?page_id=31"},"modified":"2020-11-22T10:57:44","modified_gmt":"2020-11-22T09:57:44","slug":"impressum-und-datenschutz","status":"publish","type":"page","link":"http:\/\/www.blueknights.at\/austria6\/impressum-und-datenschutz\/","title":{"rendered":"Impressum und Datenschutz"},"content":{"rendered":"<h1>Blue Knights Chapter Austria 6- Motorradklub der Exekutive<\/h1>\n<p>ZVR Zahl: 770681106<\/p>\n<p>&nbsp;<\/p>\n<p><strong>POSTANSCHRIFT <\/strong><\/p>\n<p>Blue Knights Austria 6<\/p>\n<p>Wiener Stra\u00dfe 109<br \/>\n2352 Gumpoldskirchen<\/p>\n<p>&nbsp;<\/p>\n<p><strong>CLUBABEND <\/strong><\/p>\n<p>mal da, mal dort<\/p>\n<p>&nbsp;<\/p>\n<div id=\"text\">\n<p><strong>TELEFON \/ EMAIL<\/strong><br \/>\nPr\u00e4sident:<br \/>\nAlfred &#8222;ALF&#8220; Wagner, Telefon: 0676 42 60 329<br \/>\n&#8230;oder auch gerne \u00fcbers Kontaktformular<\/p>\n<p>&nbsp;<\/p>\n<h1>Datenschutzerkl\u00e4rung:<\/h1>\n<p>Die Nutzung unserer Webseite ist in der Regel ohne Angabe personenbezogener Daten m\u00f6glich. Soweit auf unseren Seiten personenbezogene Daten (beispielsweise Name oder eMail-Adressen) erhoben werden, erfolgt dies, stets auf freiwilliger Basis.<\/p>\n<p>Im Rahmen unserer Website www.blueknights.at\/austria6 werden Daten \u00fcber ein Kontaktformular verarbeitet. Diese jedoch ausschlie\u00dflich zum Zweck Ihrer Anfragebeantwortung und die an uns freiwillig \u00fcbermittelten Daten wie Name\/Email Adresse und ggf. Telefonnr. werden nach Beantwortung der Anfrage umgehenst gel\u00f6scht.<\/p>\n<p>Wir weisen darauf hin, dass die Daten\u00fcbertragung im Internet (z.B. bei der Kommunikation per E-Mail) Sicherheitsl\u00fccken aufweisen kann. Ein l\u00fcckenloser Schutz der Daten vor dem Zugriff durch Dritte ist nicht m\u00f6glich.<\/p>\n<p>&nbsp;<\/p>\n<h1>Haftungsausschluss:<\/h1>\n<p>Die Nutzung der Website http:\/\/www.blueknights.at\/austria6 erfolgt auf eigene Gefahr und auf eigenes Risiko. Die hier angebotenen Inhalte dienen der allgemeinen Information. F\u00fcr die Richtigkeit, Aktualit\u00e4t, Vollst\u00e4ndigkeit und Verf\u00fcgbarkeit der gebotenen Informationen\/Services \u00fcbernehmen wir keine Gew\u00e4hrleistung\/Haftung. Dies gilt auch f\u00fcr alle Verbindungen (&#8222;Links&#8220;), auf die diese Webseite direkt oder indirekt verweist.<br \/>\nF\u00fcr die Inhalte der verlinkten Seiten ist stets der jeweilige Anbieter oder Betreiber der Seiten verantwortlich. Die verlinkten Seiten wurden zum Zeitpunkt der Verlinkung auf m\u00f6gliche Rechtsverst\u00f6\u00dfe \u00fcberpr\u00fcft. Rechtswidrige Inhalte waren zum Zeitpunkt der Verlinkung nicht erkennbar. Eine permanente inhaltliche Kontrolle der verlinkten Seiten ist jedoch ohne konkrete Anhaltspunkte einer Rechtsverletzung nicht zumutbar. Bei Bekanntwerden von Rechtsverletzungen werden wir derartige Links umgehend entfernen.<\/p>\n","protected":false},"excerpt":{"rendered":"<p>Blue Knights Chapter Austria 6- Motorradklub der Exekutive ZVR Zahl: 770681106 &nbsp; POSTANSCHRIFT Blue Knights Austria 6 Wiener Stra\u00dfe 109 2352 Gumpoldskirchen &nbsp; CLUBABEND mal da, mal dort &nbsp; TELEFON \/ EMAIL Pr\u00e4sident: Alfred &#8222;ALF&#8220; Wagner, Telefon: 0676 42 60 329 &#8230;oder auch gerne \u00fcbers Kontaktformular &nbsp; Datenschutzerkl\u00e4rung: Die Nutzung unserer Webseite ist in der&#8230;<\/p>\n","protected":false},"author":1,"featured_media":0,"parent":0,"menu_order":0,"comment_status":"closed","ping_status":"closed","template":"","meta":{"ngg_post_thumbnail":0},"_links":{"self":[{"href":"http:\/\/www.blueknights.at\/austria6\/wp-json\/wp\/v2\/pages\/31"}],"collection":[{"href":"http:\/\/www.blueknights.at\/austria6\/wp-json\/wp\/v2\/pages"}],"about":[{"href":"http:\/\/www.blueknights.at\/austria6\/wp-json\/wp\/v2\/types\/page"}],"author":[{"embeddable":true,"href":"http:\/\/www.blueknights.at\/austria6\/wp-json\/wp\/v2\/users\/1"}],"replies":[{"embeddable":true,"href":"http:\/\/www.blueknights.at\/austria6\/wp-json\/wp\/v2\/comments?post=31"}],"version-history":[{"count":6,"href":"http:\/\/www.blueknights.at\/austria6\/wp-json\/wp\/v2\/pages\/31\/revisions"}],"predecessor-version":[{"id":86,"href":"http:\/\/www.blueknights.at\/austria6\/wp-json\/wp\/v2\/pages\/31\/revisions\/86"}],"wp:attachment":[{"href":"http:\/\/www.blueknights.at\/austria6\/wp-json\/wp\/v2\/media?parent=31"}],"curies":[{"name":"wp","href":"https:\/\/api.w.org\/{rel}","templated":true}]}}