{"id":27,"date":"2020-09-23T14:15:50","date_gmt":"2020-09-23T12:15:50","guid":{"rendered":"http:\/\/blueknights.at.cloud9-vm104.server-routing.com\/austria6\/?page_id=27"},"modified":"2020-09-23T14:15:50","modified_gmt":"2020-09-23T12:15:50","slug":"mitglied-werden","status":"publish","type":"page","link":"http:\/\/www.blueknights.at\/austria6\/mitglied-werden\/","title":{"rendered":"Mitglied werden"},"content":{"rendered":"<h1>Wie kann ich Mitglied werden ?<\/h1>\n<p>Wenn Du bei uns Mitglied werden m\u00f6chstest, dann mu\u00dft Du folgende Voraussetzungen erf\u00fcllen:<\/p>\n<ul>\n<li>Exekutivbeamter mit Festnahmerecht.<\/li>\n<li>Eigent\u00fcmer eines Motorrades oder eines innerhalb von 6 Monaten ab Eingang des Aufnahmeantrages erwerben.<\/li>\n<li>Inhaber einer g\u00fcltigen Lenkerberechtigung f\u00fcr Motorr\u00e4der.<\/li>\n<li>die nationalen und internationalen Satzungen und Vorschriften der \u201eBlue Knights\u201c anerkennen.<\/li>\n<li>bereit sein, an nationalen und internationalen Veranstaltungen der Blue Knights teilzunehmen, sowie AKTIV am Vereinsgeschehen mitzuwirken: Teilnahme an Clubabenden, mitorganisieren von Veranstaltungen (sowohl national als international)<\/li>\n<\/ul>\n<p>Die Voraussetzungen gelten analog f\u00fcr Ruhestandsbeamte der o.g. Beh\u00f6rden.<\/p>\n<p>&nbsp;<\/p>\n","protected":false},"excerpt":{"rendered":"<p>Wie kann ich Mitglied werden ? Wenn Du bei uns Mitglied werden m\u00f6chstest, dann mu\u00dft Du folgende Voraussetzungen erf\u00fcllen: Exekutivbeamter mit Festnahmerecht. Eigent\u00fcmer eines Motorrades oder eines innerhalb von 6 Monaten ab Eingang des Aufnahmeantrages erwerben. Inhaber einer g\u00fcltigen Lenkerberechtigung f\u00fcr Motorr\u00e4der. die nationalen und internationalen Satzungen und Vorschriften der \u201eBlue Knights\u201c anerkennen. bereit sein,&#8230;<\/p>\n","protected":false},"author":1,"featured_media":0,"parent":0,"menu_order":0,"comment_status":"closed","ping_status":"closed","template":"","meta":{"ngg_post_thumbnail":0},"_links":{"self":[{"href":"http:\/\/www.blueknights.at\/austria6\/wp-json\/wp\/v2\/pages\/27"}],"collection":[{"href":"http:\/\/www.blueknights.at\/austria6\/wp-json\/wp\/v2\/pages"}],"about":[{"href":"http:\/\/www.blueknights.at\/austria6\/wp-json\/wp\/v2\/types\/page"}],"author":[{"embeddable":true,"href":"http:\/\/www.blueknights.at\/austria6\/wp-json\/wp\/v2\/users\/1"}],"replies":[{"embeddable":true,"href":"http:\/\/www.blueknights.at\/austria6\/wp-json\/wp\/v2\/comments?post=27"}],"version-history":[{"count":1,"href":"http:\/\/www.blueknights.at\/austria6\/wp-json\/wp\/v2\/pages\/27\/revisions"}],"predecessor-version":[{"id":28,"href":"http:\/\/www.blueknights.at\/austria6\/wp-json\/wp\/v2\/pages\/27\/revisions\/28"}],"wp:attachment":[{"href":"http:\/\/www.blueknights.at\/austria6\/wp-json\/wp\/v2\/media?parent=27"}],"curies":[{"name":"wp","href":"https:\/\/api.w.org\/{rel}","templated":true}]}}