{"id":25,"date":"2020-09-23T14:15:20","date_gmt":"2020-09-23T12:15:20","guid":{"rendered":"http:\/\/blueknights.at.cloud9-vm104.server-routing.com\/austria6\/?page_id=25"},"modified":"2020-12-05T14:31:07","modified_gmt":"2020-12-05T13:31:07","slug":"geschichte","status":"publish","type":"page","link":"http:\/\/www.blueknights.at\/austria6\/geschichte\/","title":{"rendered":"Geschichte International"},"content":{"rendered":"<h1>Blue Knights\u00a0International \u00a0&#8211; \u00a0Law Enforcement Motorcycle Club<\/h1>\n<table border=\"0\" width=\"100%\">\n<tbody>\n<tr>\n<td>Der Verein Blue Knights wurde 1974 in Bangor\/Amerika von einer Gruppe motorradfahrender Polizeibeamter gegr\u00fcndet. In den nachfolgenden Jahren wuchs die Anzahl der Mitglieder und verteilt auf Amerika, Kanada und Australien wurden immer mehr neue Teilgruppen (Chapter) gegr\u00fcndet.<\/td>\n<td>\n<div><img loading=\"lazy\" class=\"alignnone size-full wp-image-57\" src=\"http:\/\/www.blueknights.at\/austria6\/wp-content\/uploads\/2020\/09\/badgeclr_Kopie.jpg\" alt=\"\" width=\"130\" height=\"173\" \/><\/div>\n<\/td>\n<\/tr>\n<tr>\n<td>\n<div><img loading=\"lazy\" class=\"alignnone size-medium wp-image-10\" src=\"http:\/\/www.blueknights.at\/austria6\/wp-content\/uploads\/2020\/09\/pic1-225x300.jpg\" alt=\"\" width=\"225\" height=\"300\" srcset=\"http:\/\/www.blueknights.at\/austria6\/wp-content\/uploads\/2020\/09\/pic1-225x300.jpg 225w, http:\/\/www.blueknights.at\/austria6\/wp-content\/uploads\/2020\/09\/pic1.jpg 283w\" sizes=\"(max-width: 225px) 100vw, 225px\" \/><\/div>\n<\/td>\n<td>Der Vereinsname beruht auf die, von der Gr\u00fcndergruppe getragene, blaue Uniform. 1987 kam dann ein erster Kontakt zwischen Blue Knights und den europ\u00e4ischen Kollegen in Paris zustande. Und auch hier verbreitete sich der Gedanke der Blue Knights \u00fcber Deutschland Chapter Germany 1 und Benelux 1 \u00fcber Westeuropa. Weltweit sind die Blue Knights in 26 L\u00e4nder vertreten. Mit Stand\u00a0Dezember 2014\u00a0gab es insgesamt\u00a0640 Chapter mit\u00a0etwa 19.600 Mitglieder.<\/td>\n<\/tr>\n<tr>\n<td colspan=\"2\">Blue Knights ist eine internationale Organisation von Exekutivbeamten, die Freude am Motorrad fahren mit sozialem Engagement verbinden.<br \/>\nBlue Knights unterst\u00fctzen gemeinn\u00fctzige, mildt\u00e4tige und soziale Einrichtungen.Der Erl\u00f6s aus Tombolas, sowie eingehender Spenden gehen an angef\u00fchrte Einrichtungen.Die Blue Knights sind politisch und gewerkschaftlich unabh\u00e4ngig und an keine andere Gruppe oder Institution gebunden.<br \/>\nLaufend veranstalten die einzelnen Chapter lokale, nationale und internationale Treffen<br \/>\nauf dem amerikanischen und europ\u00e4ischen Kontinent .<\/td>\n<\/tr>\n<\/tbody>\n<\/table>\n","protected":false},"excerpt":{"rendered":"<p>Blue Knights\u00a0International \u00a0&#8211; \u00a0Law Enforcement Motorcycle Club Der Verein Blue Knights wurde 1974 in Bangor\/Amerika von einer Gruppe motorradfahrender Polizeibeamter gegr\u00fcndet. In den nachfolgenden Jahren wuchs die Anzahl der Mitglieder und verteilt auf Amerika, Kanada und Australien wurden immer mehr neue Teilgruppen (Chapter) gegr\u00fcndet. Der Vereinsname beruht auf die, von der Gr\u00fcndergruppe getragene, blaue Uniform&#8230;.<\/p>\n","protected":false},"author":1,"featured_media":0,"parent":0,"menu_order":0,"comment_status":"closed","ping_status":"closed","template":"","meta":{"ngg_post_thumbnail":0},"_links":{"self":[{"href":"http:\/\/www.blueknights.at\/austria6\/wp-json\/wp\/v2\/pages\/25"}],"collection":[{"href":"http:\/\/www.blueknights.at\/austria6\/wp-json\/wp\/v2\/pages"}],"about":[{"href":"http:\/\/www.blueknights.at\/austria6\/wp-json\/wp\/v2\/types\/page"}],"author":[{"embeddable":true,"href":"http:\/\/www.blueknights.at\/austria6\/wp-json\/wp\/v2\/users\/1"}],"replies":[{"embeddable":true,"href":"http:\/\/www.blueknights.at\/austria6\/wp-json\/wp\/v2\/comments?post=25"}],"version-history":[{"count":4,"href":"http:\/\/www.blueknights.at\/austria6\/wp-json\/wp\/v2\/pages\/25\/revisions"}],"predecessor-version":[{"id":90,"href":"http:\/\/www.blueknights.at\/austria6\/wp-json\/wp\/v2\/pages\/25\/revisions\/90"}],"wp:attachment":[{"href":"http:\/\/www.blueknights.at\/austria6\/wp-json\/wp\/v2\/media?parent=25"}],"curies":[{"name":"wp","href":"https:\/\/api.w.org\/{rel}","templated":true}]}}