{"id":23,"date":"2020-09-23T14:14:53","date_gmt":"2020-09-23T12:14:53","guid":{"rendered":"http:\/\/blueknights.at.cloud9-vm104.server-routing.com\/austria6\/?page_id=23"},"modified":"2020-12-05T14:22:31","modified_gmt":"2020-12-05T13:22:31","slug":"uber-uns","status":"publish","type":"page","link":"http:\/\/www.blueknights.at\/austria6\/","title":{"rendered":"\u00dcber uns"},"content":{"rendered":"<p>&nbsp;<\/p>\n<table border=\"0\" width=\"100%\" cellspacing=\"3\" cellpadding=\"3\">\n<tbody>\n<tr>\n<td align=\"left\" valign=\"top\"><strong>Wer <\/strong><strong>sind <\/strong><strong>wir? <\/strong><\/td>\n<td align=\"left\" valign=\"top\">Wir sind eine internationale Vereinigung von motorradfahrenden Polizeibeamten. 1974 in Bangor\/Maine gegr\u00fcndet, verbreitete sich die Idee innerhalb k\u00fcrzester Zeit in den gesamten USA, Kanada und Australien. In den darauffolgenden Jahren auch in Europa. 1997 wurde schliesslich von ALF das Chapter AUSTRIA I in Wien gegr\u00fcndet.<\/p>\n<p>20 Jahre sp\u00e4ter &#8211; 2017 &#8211; war es Zeit, neue Wege zu bestreiten und etwas Schwung ins \u00f6sterreichische BK Leben zu bringen. Es entstand Austria 6 mit Sitz im wundersch\u00f6nen Nieder\u00f6sterreich.<\/p>\n<p>&nbsp;<\/p>\n<p><img loading=\"lazy\" class=\"alignnone size-full wp-image-9\" src=\"http:\/\/www.blueknights.at\/austria6\/wp-content\/uploads\/2020\/09\/bucklige_welt_logo.jpg\" alt=\"\" width=\"250\" height=\"119\" \/><\/p>\n<p>&nbsp;<\/td>\n<\/tr>\n<tr>\n<td align=\"left\" valign=\"top\"><strong>Was wollen wir? <\/strong><\/td>\n<td align=\"left\" valign=\"top\">\n<ul>\n<li>Durch die Erf\u00fcllung der Gr\u00fcndergedanken das Bild der Motorradfahrer und der Exekutive in der \u00d6ffentlichkeit nachhaltig positiv ver\u00e4ndern.<\/li>\n<li>Im Kreise der Kollegen das gemeinsame Hobby des Motorradfahrens erleben.<\/li>\n<li>F\u00f6rderung der internationalen V\u00f6lkerverst\u00e4ndigung.<\/li>\n<li>Unterst\u00fctzung sozialer, humanit\u00e4rer und gemeinn\u00fctziger Einrichtungen<\/li>\n<li>F\u00f6rderung der Sicherheit des Motorradfahrens<\/li>\n<\/ul>\n<\/td>\n<\/tr>\n<tr>\n<td align=\"left\" valign=\"top\"><strong>Was bieten wir? <\/strong><\/td>\n<td align=\"left\" valign=\"top\">Regelm\u00e4ssige Vereinssitzung, Clubzeitung,\u00a0Veranstaltungen, Ausfahrten &amp; Touren aber vor allem ein famili\u00e4res Vereinsleben &#8211; back to the roots!<\/p>\n<p>Neben dem gemeinsamen Hobby Motorradfahren haben wir nat\u00fcrlich auch noch famili\u00e4re und berufliche Verpflichtungen\u00a0 &#8211; oder auch das eine oder andere weitere Hobby.<br \/>\nIn unserem Chapter soll f\u00fcr alle Interessen Platz bleiben, daher werden wir uns nicht an &#8222;gefahrenen Touren&#8220; oder &#8222;KM-St\u00e4nden&#8220; \u00fcbertreffen.<br \/>\nEine kleine gemeinsame Runde mit gem\u00fctlichem Beisammensein sind oft besser vereinbar als mehrw\u00f6chige Touren durch die L\u00e4nder. Von daher lautet unser Chapter-Motto &#8222;back to the roots&#8220;.<\/td>\n<\/tr>\n<\/tbody>\n<\/table>\n<p style=\"text-align: center;\"><span style=\"font-family: Old English Text MT; font-size: xx-large;\"> Ride with Pride <\/span><\/p>\n","protected":false},"excerpt":{"rendered":"<p>&nbsp; Wer sind wir? Wir sind eine internationale Vereinigung von motorradfahrenden Polizeibeamten. 1974 in Bangor\/Maine gegr\u00fcndet, verbreitete sich die Idee innerhalb k\u00fcrzester Zeit in den gesamten USA, Kanada und Australien. In den darauffolgenden Jahren auch in Europa. 1997 wurde schliesslich von ALF das Chapter AUSTRIA I in Wien gegr\u00fcndet. 20 Jahre sp\u00e4ter &#8211; 2017 &#8211;&#8230;<\/p>\n","protected":false},"author":1,"featured_media":0,"parent":0,"menu_order":0,"comment_status":"closed","ping_status":"closed","template":"","meta":{"ngg_post_thumbnail":0},"_links":{"self":[{"href":"http:\/\/www.blueknights.at\/austria6\/wp-json\/wp\/v2\/pages\/23"}],"collection":[{"href":"http:\/\/www.blueknights.at\/austria6\/wp-json\/wp\/v2\/pages"}],"about":[{"href":"http:\/\/www.blueknights.at\/austria6\/wp-json\/wp\/v2\/types\/page"}],"author":[{"embeddable":true,"href":"http:\/\/www.blueknights.at\/austria6\/wp-json\/wp\/v2\/users\/1"}],"replies":[{"embeddable":true,"href":"http:\/\/www.blueknights.at\/austria6\/wp-json\/wp\/v2\/comments?post=23"}],"version-history":[{"count":7,"href":"http:\/\/www.blueknights.at\/austria6\/wp-json\/wp\/v2\/pages\/23\/revisions"}],"predecessor-version":[{"id":89,"href":"http:\/\/www.blueknights.at\/austria6\/wp-json\/wp\/v2\/pages\/23\/revisions\/89"}],"wp:attachment":[{"href":"http:\/\/www.blueknights.at\/austria6\/wp-json\/wp\/v2\/media?parent=23"}],"curies":[{"name":"wp","href":"https:\/\/api.w.org\/{rel}","templated":true}]}}